{"id":2161,"date":"2020-05-01T10:59:16","date_gmt":"2020-05-01T08:59:16","guid":{"rendered":"http:\/\/www.markuswagner.net\/?page_id=2161"},"modified":"2023-04-01T10:58:49","modified_gmt":"2023-04-01T08:58:49","slug":"unterricht","status":"publish","type":"page","link":"https:\/\/www.markuswagner.net\/?page_id=2161","title":{"rendered":"Unterricht"},"content":{"rendered":"\n<div class=\"wp-block-columns is-layout-flex wp-container-core-columns-is-layout-1 wp-block-columns-is-layout-flex\">\n<div class=\"wp-block-column is-layout-flow wp-block-column-is-layout-flow\" style=\"flex-basis:66.66%\">\n<p class=\"has-medium-font-size\"><strong>Musikunterricht<\/strong>:<\/p>\n\n\n\n<p class=\"has-medium-font-size\">Einzelunterricht in Neubiberg oder via Doozzoo \/ Skype<br \/>in den F\u00e4chern<\/p>\n\n\n\n<ul class=\"wp-block-list\"><li><strong>Kontrabass<\/strong><\/li><li><strong>E-Bass<\/strong><\/li><li><strong>Improvisation<\/strong><\/li><\/ul>\n\n\n\n<p>In meinen Unterricht kommen Sch\u00fclerinnen &amp; Sch\u00fcler mit den unterschiedlichsten Backgrounds.<br \/>Einige sind junge Einsteiger, andere haben schon erste Erfahrungen bei unterschiedlichen Lehrern<br \/>sammeln k\u00f6nnen. Wieder andere sind Autodidakten oder besitzen schon Banderfahrung.<\/p>\n\n\n\n<p>Sie alle eint der Wunsch, ihr Instrument fundiert zu erlernen oder L\u00fccken der einen oder anderen Art<br \/>zu schlie\u00dfen. Bei allem steht der Spa\u00df an der Musik im Vordergrund.<\/p>\n\n\n\n<p class=\"has-medium-font-size\"><strong>Mein Unterricht<\/strong><\/p>\n\n\n\n<p>In meinem Unterricht steht der Sch\u00fcler im Mittelpunkt. Gemeinsam finden wir W\u00fcnsche und Ziele heraus<br \/>und arbeiten dann praxisorientiert, gezielt und mit viel Spa\u00df auf diese Ziele hin.<\/p>\n\n\n\n<p class=\"has-medium-font-size\"><strong>M\u00f6gliche Unterrichtsinhalte im Einzelunterricht:<\/strong><\/p>\n\n\n\n<ul class=\"wp-block-list\"><li>Handhabung des Instruments \/ Kaufberatung<\/li><li>unterschiedliche Spieltechniken<\/li><li>Begleitung in unterschiedlichen Stilrichtungen: Rock, Pop, Funk, Soul, Jazz&#8230;<\/li><li>Rhythmik<\/li><li>Geh\u00f6rbildung \/ Harmonielehre<\/li><li>Sight Reading \/ Notenlehre<\/li><li>erlernen besonderer \/ gew\u00fcnschter St\u00fccke<\/li><\/ul>\n\n\n\n<p class=\"has-medium-font-size\"><strong>bei fortgeschrittenen Sch\u00fclerinnen &amp; Sch\u00fclern auch:<\/strong><\/p>\n\n\n\n<ul class=\"wp-block-list\"><li>Solospiel &amp; Improvisation<\/li><li>Komposition<\/li><li>Vorbereitung auf Pr\u00fcfungen<\/li><\/ul>\n<\/div>\n\n\n\n<div class=\"wp-block-column is-layout-flow wp-block-column-is-layout-flow\" style=\"flex-basis:33.33%\">\n<div class=\"wp-block-jetpack-slideshow aligncenter\" data-autoplay=\"true\" data-delay=\"3\" data-effect=\"slide\"><div class=\"wp-block-jetpack-slideshow_container swiper-container\"><ul class=\"wp-block-jetpack-slideshow_swiper-wrapper swiper-wrapper\"><li class=\"wp-block-jetpack-slideshow_slide swiper-slide\"><figure><img data-recalc-dims=\"1\" height=\"172\" width=\"300\" decoding=\"async\" alt=\"\" class=\"wp-block-jetpack-slideshow_image wp-image-2113\" data-id=\"2113\" src=\"https:\/\/i0.wp.com\/www.markuswagner.net\/wp-content\/uploads\/2020\/04\/unterricht.jpg?resize=300%2C172&#038;ssl=1\"\/><figcaption class=\"wp-block-jetpack-slideshow_caption gallery-caption\">Markus Wagner<\/figcaption><\/figure><\/li><li class=\"wp-block-jetpack-slideshow_slide swiper-slide\"><figure><img data-recalc-dims=\"1\" height=\"225\" width=\"300\" decoding=\"async\" alt=\"\" class=\"wp-block-jetpack-slideshow_image wp-image-2212\" data-id=\"2212\" src=\"https:\/\/i0.wp.com\/www.markuswagner.net\/wp-content\/uploads\/2020\/05\/room1-1.jpg?resize=300%2C225&#038;ssl=1\"\/><figcaption class=\"wp-block-jetpack-slideshow_caption gallery-caption\">Unterrichtsraum<\/figcaption><\/figure><\/li><li class=\"wp-block-jetpack-slideshow_slide swiper-slide\"><figure><img data-recalc-dims=\"1\" height=\"225\" width=\"300\" decoding=\"async\" alt=\"\" class=\"wp-block-jetpack-slideshow_image wp-image-2213\" data-id=\"2213\" src=\"https:\/\/i0.wp.com\/www.markuswagner.net\/wp-content\/uploads\/2020\/05\/room2-1.jpg?resize=300%2C225&#038;ssl=1\"\/><figcaption class=\"wp-block-jetpack-slideshow_caption gallery-caption\">Unterrichtsraum<\/figcaption><\/figure><\/li><li class=\"wp-block-jetpack-slideshow_slide swiper-slide\"><figure><img data-recalc-dims=\"1\" height=\"225\" width=\"300\" decoding=\"async\" alt=\"\" class=\"wp-block-jetpack-slideshow_image wp-image-2214\" data-id=\"2214\" src=\"https:\/\/i0.wp.com\/www.markuswagner.net\/wp-content\/uploads\/2020\/05\/room3-1.jpg?resize=300%2C225&#038;ssl=1\"\/><figcaption class=\"wp-block-jetpack-slideshow_caption gallery-caption\">Unterrichtsraum<\/figcaption><\/figure><\/li><li class=\"wp-block-jetpack-slideshow_slide swiper-slide\"><figure><img data-recalc-dims=\"1\" height=\"225\" width=\"300\" decoding=\"async\" alt=\"\" class=\"wp-block-jetpack-slideshow_image wp-image-2215\" data-id=\"2215\" src=\"https:\/\/i0.wp.com\/www.markuswagner.net\/wp-content\/uploads\/2020\/05\/room4-1.jpg?resize=300%2C225&#038;ssl=1\"\/><figcaption class=\"wp-block-jetpack-slideshow_caption gallery-caption\">Unterrichtsraum<\/figcaption><\/figure><\/li><li class=\"wp-block-jetpack-slideshow_slide swiper-slide\"><figure><img data-recalc-dims=\"1\" height=\"225\" width=\"300\" decoding=\"async\" alt=\"\" class=\"wp-block-jetpack-slideshow_image wp-image-2216\" data-id=\"2216\" src=\"https:\/\/i0.wp.com\/www.markuswagner.net\/wp-content\/uploads\/2020\/05\/room5-1.jpg?resize=300%2C225&#038;ssl=1\"\/><figcaption class=\"wp-block-jetpack-slideshow_caption gallery-caption\">Unterrichtsraum<\/figcaption><\/figure><\/li><\/ul><a class=\"wp-block-jetpack-slideshow_button-prev swiper-button-prev swiper-button-white\" role=\"button\"><\/a><a class=\"wp-block-jetpack-slideshow_button-next swiper-button-next swiper-button-white\" role=\"button\"><\/a><a aria-label=\"Pause Slideshow\" class=\"wp-block-jetpack-slideshow_button-pause\" role=\"button\"><\/a><div class=\"wp-block-jetpack-slideshow_pagination swiper-pagination swiper-pagination-white\"><\/div><\/div><\/div>\n\n\n\n<p class=\"has-medium-font-size\"><strong>Unterrichtsangebot<\/strong><\/p>\n\n\n\n<p><strong>mit Unterrichtsvertrag:<\/strong><br \/>30min\/Woche Einzelunterricht: \u00a0 <strong>\u20ac 90.- im Monat<\/strong><br \/>45min\/Woche Einzelunterricht: \u00a0 <strong>\u20ac\u00a0120.- im Monat<\/strong><\/p>\n\n\n\n<p><strong>5er Tickets:<\/strong><br \/>5er Ticket (45min): \u20ac 200.-<br \/>5er Ticket (60min): \u20ac 250.-<br \/><br \/>Der Einzelunterricht findet in meinem Unterrichtsraum im<br \/>B\u00fcrgermeister.-Schneider-Weg<br \/>85579 Neubiberg statt.<\/p>\n\n\n\n<p>Die Bezahlung richtet sich dabei nach dem an Musikschulen \u00fcblichen Modell:<br \/>Der Betrag ist als 1\/12 einer Jahresgeb\u00fchr zu verstehen und 12 mal im Jahr zu entrichten.<\/p>\n\n\n\n<p>Bayerische Schulferien und Feiertage sind unterrichtsfrei.<\/p>\n\n\n\n<p class=\"has-medium-font-size\"><strong>Kontakt<\/strong><\/p>\n\n\n\n<p><strong>bei Fragen zum Unterricht oder der Anmeldung erreichst du mich telefonisch oder per E-mail:<\/strong><\/p>\n\n\n\n<p><strong>089 \/ 66 59 44 24<\/strong><br \/><a href=\"mailto:mail@markuswagner.net\"><strong>mail@markuswagner.net<\/strong><\/a><\/p>\n<\/div>\n<\/div>\n\n\n\n<div class=\"wp-block-columns is-layout-flex wp-container-core-columns-is-layout-2 wp-block-columns-is-layout-flex\">\n<div class=\"wp-block-column is-layout-flow wp-block-column-is-layout-flow\" style=\"flex-basis:66.66%\">\n<p class=\"has-medium-font-size\"><strong>Instrumentenvorstellung<\/strong><\/p>\n\n\n\n<p>demn\u00e4chst mehr<\/p>\n<\/div>\n\n\n\n<div class=\"wp-block-column is-layout-flow wp-block-column-is-layout-flow\" style=\"flex-basis:33.33%\">\n<p class=\"has-medium-font-size\"><strong>Das sagen Sch\u00fcler &amp; Eltern:<\/strong><\/p>\n\n\n\n<p>&#8222;<em>Markus lehrt mit einer klaren Methodik, die er kunstvoll auf die individuellen Bed\u00fcrfnisse der Stundent*innen anpasst. Seine Leidenschaft f\u00fcr sein Fach ist ansteckend und er motiviert durch seine gedudige Art und positive Einstellung, sei es f\u00fcr Bass oder Improvisation.<\/em>&#8220; \u2013 Elfriede<\/p>\n\n\n\n<p><em>&#8222;Ich gehe gerne zum Unterricht.  Herr Wagner kann gut erkl\u00e4ren. Er gibt gute Tipps zum Greifen. Ich finde es gut, dass er viel Wert auf Takt \/ gleichbleibende Geschwindigkeit legt. Er antwortet auf alle Fragen. Er ist offen f\u00fcr Vorschl\u00e4ge.&#8220;<\/em> \u2013 Chris<\/p>\n\n\n\n<p><em>&#8222;Als erwachsener Sch\u00fcler merkt man bei Markus schnell, dass er viel Erfahrung im Unterrichten hat. Er fand bei mir die richtige Balance zwischen Aufgreifen meiner eigenen musikalischen Ziele und Anleitung zur Entdeckung von Neuem. Der regelm\u00e4\u00dfige Unterricht bei ihm half mir dabei, mich beim Erlernen des Instruments zu fokussieren, realistische Ziele zu finden und mich nicht zu verzetteln. Die Stunden bei Markus waren anspruchsvoll, ohne Druck aufzubauen; fordernd, ohne zu \u00fcberfordern.&#8220;<\/em> &#8211; Daniel<\/p>\n\n\n\n<p><em>&#8222;Nach dem Eintritt in eine Big Band vor rund 2,5 Jahren hatte ich den Bedarf und Wunsch, mein Bassspiel zu verbessern und habe Markus Wagner kennengelernt. Seit mehr als 2 Jahren genie\u00dfe ich regelm\u00e4\u00dfig den Unterricht bei Markus, von dem ich bereits sehr viel lernen konnte.<\/em><br \/><em>\u00dcber Spa\u00df und Freude im Unterricht hinaus sch\u00e4tze ganz besonders, mit welcher Geduld Markus einen \u00e4lteren Herrn wie mich f\u00f6rdert, fordert und motiviert, Neues zu lernen. Nicht zuletzt ist die Flexibilit\u00e4t von Markus ideal f\u00fcr mich. Sowohl bei Pr\u00e4senzsitzungen als auch jetzt mit dem Online-Unterricht haben wir stets terminliche L\u00f6sungen gefunden, die ich perfekt mit meinen beruflichen Verpflichtungen kombinieren konnte und kann.<\/em><br \/><em>Die \u201eSitzungen\u201c machen immer wieder Spa\u00df und Freude, weil Markus stets die richtigen Anregungen f\u00fcr eigenst\u00e4ndige Verbesserungen parat hat. Selbst mitgebrachte St\u00fccke werden genauso intensiv einstudiert wie erforderliche technische und rhythmische \u00dcbungen, was f\u00fcr mein Mitwirken in der Big Band sehr wertvoll war und ist. An Abwechslung mangelt es keinesfalls. Wir arbeiten sowohl am Repertoire der Big Band als auch an tollen Klassikern f\u00fcr Bass, die Markus geschickt in den Unterricht einbaut, um durch die Charakteristik der St\u00fccke meine musikalischen und technischen Defizite zu minimieren.<\/em><br \/><em>Ich freue mich auf weitere groovige Unterrichtseinheiten, online oder in Neubiberg.&#8220;<\/em> &#8211; Oliver<\/p>\n<\/div>\n<\/div>\n\n\n\n<p><\/p>\n","protected":false},"excerpt":{"rendered":"<p>Musikunterricht: Einzelunterricht in Neubiberg oder via Doozzoo \/ Skypein den F\u00e4chern Kontrabass E-Bass Improvisation In meinen Unterricht kommen Sch\u00fclerinnen &amp; Sch\u00fcler mit den unterschiedlichsten Backgrounds.Einige sind junge Einsteiger, andere haben schon erste Erfahrungen bei unterschiedlichen Lehrernsammeln k\u00f6nnen. Wieder andere sind Autodidakten oder besitzen schon Banderfahrung. Sie alle eint der Wunsch, ihr Instrument fundiert zu erlernen<\/p>\n<div><a class=\"btn-filled btn\" href=\"https:\/\/www.markuswagner.net\/?page_id=2161\" title=\"Unterricht\">Weiterlesen<\/a><\/div>\n","protected":false},"author":1,"featured_media":0,"parent":0,"menu_order":0,"comment_status":"closed","ping_status":"closed","template":"page-templates\/full-width.php","meta":{"footnotes":""},"class_list":["post-2161","page","type-page","status-publish","hentry"],"yoast_head":"<!-- This site is optimized with the Yoast SEO plugin v24.1 - https:\/\/yoast.com\/wordpress\/plugins\/seo\/ -->\n<title>Unterricht - Markus Wagner<\/title>\n<meta name=\"description\" content=\"Die Webseite des M\u00fcnchener Bassisten Markus Wagner \u2022 Kontrabass \u2022 E-Bass \u2022 Bassunterricht\" \/>\n<meta name=\"robots\" content=\"index, follow, max-snippet:-1, max-image-preview:large, max-video-preview:-1\" \/>\n<link rel=\"canonical\" href=\"https:\/\/www.markuswagner.net\/?page_id=2161\" \/>\n<meta property=\"og:locale\" content=\"de_DE\" \/>\n<meta property=\"og:type\" content=\"article\" \/>\n<meta property=\"og:title\" content=\"Unterricht - Markus Wagner\" \/>\n<meta property=\"og:description\" content=\"Die Webseite des M\u00fcnchener Bassisten Markus Wagner \u2022 Kontrabass \u2022 E-Bass \u2022 Bassunterricht\" \/>\n<meta property=\"og:url\" content=\"https:\/\/www.markuswagner.net\/?page_id=2161\" \/>\n<meta property=\"og:site_name\" content=\"Markus Wagner\" \/>\n<meta property=\"article:modified_time\" content=\"2023-04-01T08:58:49+00:00\" \/>\n<meta property=\"og:image\" content=\"http:\/\/www.markuswagner.net\/wp-content\/uploads\/2020\/04\/unterricht-300x172.jpg\" \/>\n<meta name=\"twitter:card\" content=\"summary_large_image\" \/>\n<meta name=\"twitter:label1\" content=\"Gesch\u00e4tzte Lesezeit\" \/>\n\t<meta name=\"twitter:data1\" content=\"4\u00a0Minuten\" \/>\n<script type=\"application\/ld+json\" class=\"yoast-schema-graph\">{\"@context\":\"https:\/\/schema.org\",\"@graph\":[{\"@type\":\"WebPage\",\"@id\":\"https:\/\/www.markuswagner.net\/?page_id=2161\",\"url\":\"https:\/\/www.markuswagner.net\/?page_id=2161\",\"name\":\"Unterricht - Markus Wagner\",\"isPartOf\":{\"@id\":\"https:\/\/www.markuswagner.net\/#website\"},\"primaryImageOfPage\":{\"@id\":\"https:\/\/www.markuswagner.net\/?page_id=2161#primaryimage\"},\"image\":{\"@id\":\"https:\/\/www.markuswagner.net\/?page_id=2161#primaryimage\"},\"thumbnailUrl\":\"http:\/\/www.markuswagner.net\/wp-content\/uploads\/2020\/04\/unterricht-300x172.jpg\",\"datePublished\":\"2020-05-01T08:59:16+00:00\",\"dateModified\":\"2023-04-01T08:58:49+00:00\",\"description\":\"Die Webseite des M\u00fcnchener Bassisten Markus Wagner \u2022 Kontrabass \u2022 E-Bass \u2022 Bassunterricht\",\"breadcrumb\":{\"@id\":\"https:\/\/www.markuswagner.net\/?page_id=2161#breadcrumb\"},\"inLanguage\":\"de\",\"potentialAction\":[{\"@type\":\"ReadAction\",\"target\":[\"https:\/\/www.markuswagner.net\/?page_id=2161\"]}]},{\"@type\":\"ImageObject\",\"inLanguage\":\"de\",\"@id\":\"https:\/\/www.markuswagner.net\/?page_id=2161#primaryimage\",\"url\":\"http:\/\/www.markuswagner.net\/wp-content\/uploads\/2020\/04\/unterricht-300x172.jpg\",\"contentUrl\":\"http:\/\/www.markuswagner.net\/wp-content\/uploads\/2020\/04\/unterricht-300x172.jpg\"},{\"@type\":\"BreadcrumbList\",\"@id\":\"https:\/\/www.markuswagner.net\/?page_id=2161#breadcrumb\",\"itemListElement\":[{\"@type\":\"ListItem\",\"position\":1,\"name\":\"Startseite\",\"item\":\"https:\/\/www.markuswagner.net\/\"},{\"@type\":\"ListItem\",\"position\":2,\"name\":\"Unterricht\"}]},{\"@type\":\"WebSite\",\"@id\":\"https:\/\/www.markuswagner.net\/#website\",\"url\":\"https:\/\/www.markuswagner.net\/\",\"name\":\"Markus Wagner\",\"description\":\"Bassist \u2022 Komponist \u2022 Lehrer\",\"publisher\":{\"@id\":\"https:\/\/www.markuswagner.net\/#\/schema\/person\/6a9794c2531921b80394db2da1d4f5f9\"},\"potentialAction\":[{\"@type\":\"SearchAction\",\"target\":{\"@type\":\"EntryPoint\",\"urlTemplate\":\"https:\/\/www.markuswagner.net\/?s={search_term_string}\"},\"query-input\":{\"@type\":\"PropertyValueSpecification\",\"valueRequired\":true,\"valueName\":\"search_term_string\"}}],\"inLanguage\":\"de\"},{\"@type\":[\"Person\",\"Organization\"],\"@id\":\"https:\/\/www.markuswagner.net\/#\/schema\/person\/6a9794c2531921b80394db2da1d4f5f9\",\"name\":\"Markus Wagner\",\"image\":{\"@type\":\"ImageObject\",\"inLanguage\":\"de\",\"@id\":\"https:\/\/www.markuswagner.net\/#\/schema\/person\/image\/\",\"url\":\"https:\/\/i2.wp.com\/www.markuswagner.net\/wp-content\/uploads\/2020\/11\/Markus_Wagner_ICO.jpg?fit=512%2C512\",\"contentUrl\":\"https:\/\/i2.wp.com\/www.markuswagner.net\/wp-content\/uploads\/2020\/11\/Markus_Wagner_ICO.jpg?fit=512%2C512\",\"width\":512,\"height\":512,\"caption\":\"Markus Wagner\"},\"logo\":{\"@id\":\"https:\/\/www.markuswagner.net\/#\/schema\/person\/image\/\"},\"sameAs\":[\"http:\/\/www.markuswagner.net\"]}]}<\/script>\n<!-- \/ Yoast SEO plugin. -->","yoast_head_json":{"title":"Unterricht - Markus Wagner","description":"Die Webseite des M\u00fcnchener Bassisten Markus Wagner \u2022 Kontrabass \u2022 E-Bass \u2022 Bassunterricht","robots":{"index":"index","follow":"follow","max-snippet":"max-snippet:-1","max-image-preview":"max-image-preview:large","max-video-preview":"max-video-preview:-1"},"canonical":"https:\/\/www.markuswagner.net\/?page_id=2161","og_locale":"de_DE","og_type":"article","og_title":"Unterricht - Markus Wagner","og_description":"Die Webseite des M\u00fcnchener Bassisten Markus Wagner \u2022 Kontrabass \u2022 E-Bass \u2022 Bassunterricht","og_url":"https:\/\/www.markuswagner.net\/?page_id=2161","og_site_name":"Markus Wagner","article_modified_time":"2023-04-01T08:58:49+00:00","og_image":[{"url":"http:\/\/www.markuswagner.net\/wp-content\/uploads\/2020\/04\/unterricht-300x172.jpg","type":"","width":"","height":""}],"twitter_card":"summary_large_image","twitter_misc":{"Gesch\u00e4tzte Lesezeit":"4\u00a0Minuten"},"schema":{"@context":"https:\/\/schema.org","@graph":[{"@type":"WebPage","@id":"https:\/\/www.markuswagner.net\/?page_id=2161","url":"https:\/\/www.markuswagner.net\/?page_id=2161","name":"Unterricht - Markus Wagner","isPartOf":{"@id":"https:\/\/www.markuswagner.net\/#website"},"primaryImageOfPage":{"@id":"https:\/\/www.markuswagner.net\/?page_id=2161#primaryimage"},"image":{"@id":"https:\/\/www.markuswagner.net\/?page_id=2161#primaryimage"},"thumbnailUrl":"http:\/\/www.markuswagner.net\/wp-content\/uploads\/2020\/04\/unterricht-300x172.jpg","datePublished":"2020-05-01T08:59:16+00:00","dateModified":"2023-04-01T08:58:49+00:00","description":"Die Webseite des M\u00fcnchener Bassisten Markus Wagner \u2022 Kontrabass \u2022 E-Bass \u2022 Bassunterricht","breadcrumb":{"@id":"https:\/\/www.markuswagner.net\/?page_id=2161#breadcrumb"},"inLanguage":"de","potentialAction":[{"@type":"ReadAction","target":["https:\/\/www.markuswagner.net\/?page_id=2161"]}]},{"@type":"ImageObject","inLanguage":"de","@id":"https:\/\/www.markuswagner.net\/?page_id=2161#primaryimage","url":"http:\/\/www.markuswagner.net\/wp-content\/uploads\/2020\/04\/unterricht-300x172.jpg","contentUrl":"http:\/\/www.markuswagner.net\/wp-content\/uploads\/2020\/04\/unterricht-300x172.jpg"},{"@type":"BreadcrumbList","@id":"https:\/\/www.markuswagner.net\/?page_id=2161#breadcrumb","itemListElement":[{"@type":"ListItem","position":1,"name":"Startseite","item":"https:\/\/www.markuswagner.net\/"},{"@type":"ListItem","position":2,"name":"Unterricht"}]},{"@type":"WebSite","@id":"https:\/\/www.markuswagner.net\/#website","url":"https:\/\/www.markuswagner.net\/","name":"Markus Wagner","description":"Bassist \u2022 Komponist \u2022 Lehrer","publisher":{"@id":"https:\/\/www.markuswagner.net\/#\/schema\/person\/6a9794c2531921b80394db2da1d4f5f9"},"potentialAction":[{"@type":"SearchAction","target":{"@type":"EntryPoint","urlTemplate":"https:\/\/www.markuswagner.net\/?s={search_term_string}"},"query-input":{"@type":"PropertyValueSpecification","valueRequired":true,"valueName":"search_term_string"}}],"inLanguage":"de"},{"@type":["Person","Organization"],"@id":"https:\/\/www.markuswagner.net\/#\/schema\/person\/6a9794c2531921b80394db2da1d4f5f9","name":"Markus Wagner","image":{"@type":"ImageObject","inLanguage":"de","@id":"https:\/\/www.markuswagner.net\/#\/schema\/person\/image\/","url":"https:\/\/i2.wp.com\/www.markuswagner.net\/wp-content\/uploads\/2020\/11\/Markus_Wagner_ICO.jpg?fit=512%2C512","contentUrl":"https:\/\/i2.wp.com\/www.markuswagner.net\/wp-content\/uploads\/2020\/11\/Markus_Wagner_ICO.jpg?fit=512%2C512","width":512,"height":512,"caption":"Markus Wagner"},"logo":{"@id":"https:\/\/www.markuswagner.net\/#\/schema\/person\/image\/"},"sameAs":["http:\/\/www.markuswagner.net"]}]}},"jetpack_shortlink":"https:\/\/wp.me\/P76bUg-yR","jetpack_sharing_enabled":true,"_links":{"self":[{"href":"https:\/\/www.markuswagner.net\/index.php?rest_route=\/wp\/v2\/pages\/2161","targetHints":{"allow":["GET"]}}],"collection":[{"href":"https:\/\/www.markuswagner.net\/index.php?rest_route=\/wp\/v2\/pages"}],"about":[{"href":"https:\/\/www.markuswagner.net\/index.php?rest_route=\/wp\/v2\/types\/page"}],"author":[{"embeddable":true,"href":"https:\/\/www.markuswagner.net\/index.php?rest_route=\/wp\/v2\/users\/1"}],"replies":[{"embeddable":true,"href":"https:\/\/www.markuswagner.net\/index.php?rest_route=%2Fwp%2Fv2%2Fcomments&post=2161"}],"version-history":[{"count":35,"href":"https:\/\/www.markuswagner.net\/index.php?rest_route=\/wp\/v2\/pages\/2161\/revisions"}],"predecessor-version":[{"id":2455,"href":"https:\/\/www.markuswagner.net\/index.php?rest_route=\/wp\/v2\/pages\/2161\/revisions\/2455"}],"wp:attachment":[{"href":"https:\/\/www.markuswagner.net\/index.php?rest_route=%2Fwp%2Fv2%2Fmedia&parent=2161"}],"curies":[{"name":"wp","href":"https:\/\/api.w.org\/{rel}","templated":true}]}}