{"id":2145,"date":"2020-05-01T07:16:32","date_gmt":"2020-05-01T05:16:32","guid":{"rendered":"http:\/\/www.markuswagner.net\/?page_id=2145"},"modified":"2023-04-01T10:58:42","modified_gmt":"2023-04-01T08:58:42","slug":"ueber-mich","status":"publish","type":"page","link":"https:\/\/www.markuswagner.net\/?page_id=2145","title":{"rendered":"\u00dcber mich"},"content":{"rendered":"\n<div class=\"wp-block-columns is-layout-flex wp-container-core-columns-is-layout-1 wp-block-columns-is-layout-flex\">\n<div class=\"wp-block-column is-layout-flow wp-block-column-is-layout-flow\" style=\"flex-basis:66.66%\">\n<p class=\"has-medium-font-size\">\u00dcber mich<\/p>\n\n\n\n<p>Hallo und herzlich Willkommen auf meiner Webseite. Mein Name ist Markus Wagner. Ich wurde 1975 in Leonberg geboren und lebe und arbeite seit 2001 in M\u00fcnchen. Zum Bass kam ich im Alter von 14 Jahren, nachdem ich mich zun\u00e4chst mehrere Jahre redlich an der Trompete abgem\u00fcht hatte.<\/p>\n\n\n\n<p>Mein erster Lehrer \u2013 ein Saxophonist und Pianist \u2013&nbsp;brachte mich mit dem Jazz in Kontakt und motivierte mich, gutklingende Basslinien nur durch zuh\u00f6ren und spielen zu entwickeln. So konnte ich ein sehr tiefe und intuitive Beziehung zum Bass aufbauen und meine Musikalit\u00e4t entwickeln.<br \/>Erst nach einem Umzug wurde diese Beziehung durch Unterricht bei German Klaiber und Bernd Heitzler theoretisch weiter fundiert und praktisch vertieft.<\/p>\n\n\n\n<p>Mein Studium an der staatlichen Musikhochschule in Mannheim begann ich 1997, zun\u00e4chst im Hauptfach E-Bass, ab 1999 zus\u00e4tzlich im Hauptfach Kontrabass \u2013 eine damals sehr seltene Kombination, viele scheuten den hohen Arbeitsaufwand von zwei Hauptf\u00e4chern. Meine damaligen Lehrer geh\u00f6ren noch heute zur internationalen Jazz-Elite. Ich studierte u.a. bei Patrick Scales, Dave King oder Thomas Stabenow und nahm an Workshops unter der Leitung u.a. von Dieter Ilg, Matthew Garrison oder John Patitucci teil. 2001 beendete ich mein Studium im Hauptfach E-Bass, 2002 das Studium im Hauptfach Kontrabass, jeweils mit Diplom.<\/p>\n\n\n\n<p>Seit 2001 lebe und arbeite in M\u00fcnchen. Neben verschiedenen Projekten, die mich mit Musikern wie z.B. Hakim Ludin, Juan Carlos Melian oder Paulo Bellinati zusammenbrachte, bin ich zur Zeit festes Mitglied u.a bei &#8222;Jasmin Bayer &amp; Band, &#8222;Italian Vintage Orchestra&#8220; und der &#8222;Alessandro de Santis BigBand&#8220;. Seit 2014 engagiere ich mich verst\u00e4rkt in eigenen Projekten, z.B. im Duo &#8222;Duologue&#8220; mit wechselnden Besetzungen, z.B mit dem Saxofonisten Mark Pusker, dem Trompeter Gerhard Mornhinweg oder Gitarristen Michael Vochezer.<\/p>\n\n\n\n<p>Neben meiner T\u00e4tigkeit als professioneller Musiker bin ich auch als Komponist und Lehrer t\u00e4tig. Seit 2004 unterrichte ich an verschiedenen privaten und st\u00e4dtischen Musikschulen im Raum M\u00fcnchen, z.B an der Landsberg Music School (2004 &#8211; 2010) oder oder an der st\u00e4dtischen Musikschule Neuried (2016-2019). Zur Zeit unterrichte ich an der st\u00e4dtischen Musikschule in Pullach (seit 2009) die F\u00e4cher E-Bass, Kontrabass, E-Gitarre, Gitarre und leite die Rock-Combo. Ich besuche regelm\u00e4ssig Fort- und Weiterbildungen und bin Mitglied im Tonk\u00fcnstlerverband M\u00fcnchen e.V sowie in der Union Deutscher Jazzmusiker e.V.<br \/><br \/>Ausserdem erteile ich Privatunterricht in Neubiberg.<\/p>\n<\/div>\n\n\n\n<div class=\"wp-block-column is-layout-flow wp-block-column-is-layout-flow\" style=\"flex-basis:33.33%\">\n<figure class=\"wp-block-image size-large\"><img data-recalc-dims=\"1\" decoding=\"async\" data-attachment-id=\"2151\" data-permalink=\"https:\/\/www.markuswagner.net\/?attachment_id=2151\" data-orig-file=\"https:\/\/i0.wp.com\/www.markuswagner.net\/wp-content\/uploads\/2020\/05\/Jasmin-Bayer-Band7-e1680339736732.jpg?fit=1024%2C682&amp;ssl=1\" data-orig-size=\"1024,682\" data-comments-opened=\"0\" data-image-meta=\"{&quot;aperture&quot;:&quot;0&quot;,&quot;credit&quot;:&quot;&quot;,&quot;camera&quot;:&quot;&quot;,&quot;caption&quot;:&quot;&quot;,&quot;created_timestamp&quot;:&quot;0&quot;,&quot;copyright&quot;:&quot;&quot;,&quot;focal_length&quot;:&quot;0&quot;,&quot;iso&quot;:&quot;0&quot;,&quot;shutter_speed&quot;:&quot;0&quot;,&quot;title&quot;:&quot;&quot;,&quot;orientation&quot;:&quot;0&quot;}\" data-image-title=\"Jasmin-Bayer-Band7\" data-image-description=\"&lt;p&gt;Markus Wagner, Kontrabass, E-Bass&lt;\/p&gt;\n\" data-image-caption=\"\" data-medium-file=\"https:\/\/i0.wp.com\/www.markuswagner.net\/wp-content\/uploads\/2020\/05\/Jasmin-Bayer-Band7-e1680339736732.jpg?fit=300%2C200&amp;ssl=1\" data-large-file=\"https:\/\/i0.wp.com\/www.markuswagner.net\/wp-content\/uploads\/2020\/05\/Jasmin-Bayer-Band7-e1680339736732.jpg?fit=1024%2C682&amp;ssl=1\" src=\"https:\/\/i0.wp.com\/www.markuswagner.net\/wp-content\/uploads\/2020\/05\/Jasmin-Bayer-Band7.jpg?w=1140&#038;ssl=1\" alt=\"\" class=\"wp-image-2151\"\/><\/figure>\n\n\n\n<p class=\"has-medium-font-size\">Referenzen<\/p>\n\n\n\n<p>Jazzclub Unterfahrt (M\u00fcnchen), Hotel Bayerischer Hof (M\u00fcnchen), Staatstheater am G\u00e4rtnerplatz (M\u00fcnchen), Daimler-Chrysler (IAA 2000), Audi Forum (Ingolstadt)<br \/>Stuttgarter Sommerfest (Stuttgart), Regensburger Jazzweekend (Regensburg), &#8230;.<\/p>\n<\/div>\n<\/div>\n\n\n\n<div style=\"height:70px\" aria-hidden=\"true\" class=\"wp-block-spacer\"><\/div>\n\n\n\n<p class=\"has-medium-font-size\">Meine aktuellen Projekte<\/p>\n\n\n\n<div class=\"wp-block-media-text alignwide is-image-fill\"><figure class=\"wp-block-media-text__media\" style=\"background-image:url(https:\/\/i2.wp.com\/www.markuswagner.net\/wp-content\/uploads\/2020\/05\/Orchestra.jpg?fit=1024%2C683);background-position:50% 50%\"><img decoding=\"async\" data-attachment-id=\"2256\" data-permalink=\"https:\/\/www.markuswagner.net\/?attachment_id=2256\" data-orig-file=\"https:\/\/i0.wp.com\/www.markuswagner.net\/wp-content\/uploads\/2020\/05\/Orchestra-e1680339919956.jpg?fit=1085%2C724&amp;ssl=1\" data-orig-size=\"1085,724\" data-comments-opened=\"0\" data-image-meta=\"{&quot;aperture&quot;:&quot;10&quot;,&quot;credit&quot;:&quot;&quot;,&quot;camera&quot;:&quot;NIKON D5&quot;,&quot;caption&quot;:&quot;&quot;,&quot;created_timestamp&quot;:&quot;1515865075&quot;,&quot;copyright&quot;:&quot;&quot;,&quot;focal_length&quot;:&quot;16&quot;,&quot;iso&quot;:&quot;250&quot;,&quot;shutter_speed&quot;:&quot;0.0125&quot;,&quot;title&quot;:&quot;&quot;,&quot;orientation&quot;:&quot;1&quot;}\" data-image-title=\"Italian Vintage Orchestra\" data-image-description=\"&lt;p&gt;Markus Wagner, Kontrabass, E-Bass&lt;\/p&gt;\n\" data-image-caption=\"\" data-medium-file=\"https:\/\/i0.wp.com\/www.markuswagner.net\/wp-content\/uploads\/2020\/05\/Orchestra-e1680339919956.jpg?fit=300%2C200&amp;ssl=1\" data-large-file=\"https:\/\/i0.wp.com\/www.markuswagner.net\/wp-content\/uploads\/2020\/05\/Orchestra-e1680339919956.jpg?fit=1024%2C683&amp;ssl=1\" src=\"https:\/\/i2.wp.com\/www.markuswagner.net\/wp-content\/uploads\/2020\/05\/Orchestra.jpg?fit=1024%2C683\" alt=\"\" class=\"wp-image-2256\"\/><\/figure><div class=\"wp-block-media-text__content\">\n<p class=\"has-medium-font-size\">Italian Vintage Orchestra<\/p>\n\n\n\n<p>Der Titel f\u00e4llt einem vielleicht nicht ein, aber man erkennt sofort die Melodie, will mitsingen und mittanzen und hat Bilder von Italien im Kopf, sieht eine Vespa, das Meer, un blu dipinto di blu.<br \/><br \/>Das Italian Vintage Orchestra bringt uns alle zur\u00fcck in die beschwingte Zeit der 60er, wagt auch das eine und andere Mal einen Sprung in die Gegenwart. Und das mit eigenen Arrangements, echtem Blech, geilen Stimmen und hei\u00dfen Rhythmen.<br \/><br \/>mehr unter <a rel=\"noreferrer noopener\" href=\"http:\/\/www.italian-vintage-orchestra.de\" target=\"_blank\">www.italian-vintage-orchestra.de<\/a><\/p>\n<\/div><\/div>\n\n\n\n<div style=\"height:100px\" aria-hidden=\"true\" class=\"wp-block-spacer\"><\/div>\n\n\n\n<div class=\"wp-block-media-text alignwide is-image-fill\"><figure class=\"wp-block-media-text__media\" style=\"background-image:url(https:\/\/www.markuswagner.net\/wp-content\/uploads\/2020\/05\/Jasmin-Bayer-Band5.jpg);background-position:50% 50%\"><img data-recalc-dims=\"1\" decoding=\"async\" data-attachment-id=\"2258\" data-permalink=\"https:\/\/www.markuswagner.net\/?attachment_id=2258\" data-orig-file=\"https:\/\/i0.wp.com\/www.markuswagner.net\/wp-content\/uploads\/2020\/05\/Jasmin-Bayer-Band5-e1680339930280.jpg?fit=1024%2C682&amp;ssl=1\" data-orig-size=\"1024,682\" data-comments-opened=\"0\" data-image-meta=\"{&quot;aperture&quot;:&quot;0&quot;,&quot;credit&quot;:&quot;&quot;,&quot;camera&quot;:&quot;&quot;,&quot;caption&quot;:&quot;&quot;,&quot;created_timestamp&quot;:&quot;0&quot;,&quot;copyright&quot;:&quot;&quot;,&quot;focal_length&quot;:&quot;0&quot;,&quot;iso&quot;:&quot;0&quot;,&quot;shutter_speed&quot;:&quot;0&quot;,&quot;title&quot;:&quot;&quot;,&quot;orientation&quot;:&quot;0&quot;}\" data-image-title=\"Jasmin-Bayer-Band5\" data-image-description=\"&lt;p&gt;Markus Wagner, Kontrabass, E-Bass&lt;\/p&gt;\n\" data-image-caption=\"\" data-medium-file=\"https:\/\/i0.wp.com\/www.markuswagner.net\/wp-content\/uploads\/2020\/05\/Jasmin-Bayer-Band5-e1680339930280.jpg?fit=300%2C200&amp;ssl=1\" data-large-file=\"https:\/\/i0.wp.com\/www.markuswagner.net\/wp-content\/uploads\/2020\/05\/Jasmin-Bayer-Band5-e1680339930280.jpg?fit=1024%2C682&amp;ssl=1\" src=\"https:\/\/i0.wp.com\/www.markuswagner.net\/wp-content\/uploads\/2020\/05\/Jasmin-Bayer-Band5.jpg?w=1140&#038;ssl=1\" alt=\"\" class=\"wp-image-2258\"\/><\/figure><div class=\"wp-block-media-text__content\">\n<p class=\"has-medium-font-size\">Jasmin Bayer &amp; Band<\/p>\n\n\n\n<p><strong>\u201eEine Meisterin der Jazzballade.\u201c<\/strong>, titelt die Augsburger Allgemeine Zeitung. \u201eJasmin Bayer hat eine wunderbare Stimme\u2026ein neuer Stern am Jazzhimmel.\u201c ist in der S\u00fcddeutschen Zeitung zu lesen. Eine gestandene Frau, eine K\u00fcnstlerin, die genau wei\u00df, was sie tut, die ihr Publikum mit musikalischer Qualit\u00e4t zu \u00fcberzeugen und mit ihrem Charme zu umgarnen wei\u00df, pr\u00e4sentiert mit Von Jazz bis James Bond ein Programm von ber\u00fcckend emotionaler Dichte und klanglicher Finesse. Ausgehend von ihrem Deb\u00fctalbum Summer Melodies fesselt sie mit Songs, die so leicht und flirrend daher kommen, wie der Sommer selbst, um dann wieder mit eindringlicher Intensit\u00e4t auch die Schattenseiten und Untiefen zu besingen. Ihre Texte und ihre Musik sind die Essenz eines bunten, prallen Lebens. Sind Lebensfreude und Melancholie, und manchmal Trauer und gesunde Wut\u2026<br \/><br \/>mehr unter <a href=\"http:\/\/www.jazzminonline.de\" target=\"_blank\" rel=\"noreferrer noopener\">www.jazzminonline.de<\/a><\/p>\n<\/div><\/div>\n\n\n\n<div style=\"height:100px\" aria-hidden=\"true\" class=\"wp-block-spacer\"><\/div>\n\n\n\n<div class=\"wp-block-media-text alignwide is-image-fill\"><figure class=\"wp-block-media-text__media\" style=\"background-image:url(https:\/\/www.markuswagner.net\/wp-content\/uploads\/2020\/05\/Italian-Jazz-Job1.jpg);background-position:50% 50%\"><img data-recalc-dims=\"1\" decoding=\"async\" data-attachment-id=\"2263\" data-permalink=\"https:\/\/www.markuswagner.net\/?attachment_id=2263\" data-orig-file=\"https:\/\/i0.wp.com\/www.markuswagner.net\/wp-content\/uploads\/2020\/05\/Italian-Jazz-Job1-e1680339939716.jpg?fit=1024%2C683&amp;ssl=1\" data-orig-size=\"1024,683\" data-comments-opened=\"0\" data-image-meta=\"{&quot;aperture&quot;:&quot;0&quot;,&quot;credit&quot;:&quot;&quot;,&quot;camera&quot;:&quot;&quot;,&quot;caption&quot;:&quot;&quot;,&quot;created_timestamp&quot;:&quot;0&quot;,&quot;copyright&quot;:&quot;&quot;,&quot;focal_length&quot;:&quot;0&quot;,&quot;iso&quot;:&quot;0&quot;,&quot;shutter_speed&quot;:&quot;0&quot;,&quot;title&quot;:&quot;&quot;,&quot;orientation&quot;:&quot;0&quot;}\" data-image-title=\"Italian-Jazz-Job1\" data-image-description=\"&lt;p&gt;Markus Wagner, Kontrabass, E-Bass&lt;\/p&gt;\n\" data-image-caption=\"\" data-medium-file=\"https:\/\/i0.wp.com\/www.markuswagner.net\/wp-content\/uploads\/2020\/05\/Italian-Jazz-Job1-e1680339939716.jpg?fit=300%2C200&amp;ssl=1\" data-large-file=\"https:\/\/i0.wp.com\/www.markuswagner.net\/wp-content\/uploads\/2020\/05\/Italian-Jazz-Job1-e1680339939716.jpg?fit=1024%2C683&amp;ssl=1\" src=\"https:\/\/i0.wp.com\/www.markuswagner.net\/wp-content\/uploads\/2020\/05\/Italian-Jazz-Job1.jpg?w=1140&#038;ssl=1\" alt=\"\" class=\"wp-image-2263\"\/><\/figure><div class=\"wp-block-media-text__content\">\n<p class=\"has-medium-font-size\">The Italian Jazz Job<\/p>\n\n\n\n<p>Weltber\u00fchmte Klassiker und verborgene Perlen der italienischen Songtradition von&nbsp; \u201eSenza Fine\u201c bis \u201eLa donna \u00e9 mobile&#8220;, dazu \u00fcberraschende Bearbeitungen von&nbsp; amerikanischen Jazzklassikern.&nbsp;<\/p>\n\n\n\n<p>Mit dem Quartett \u201e<strong>The Italian Jazz Job<\/strong>\u201c wird der Jazz&nbsp; italienisch.<br \/><br \/>Im Mittelpunkt: die ausdrucksstarke S\u00e4ngerin Natalie Elwood, die sich gleichwohl&nbsp; energiegeladen wie feinf\u00fchlig des italienischen Repertoires angenommen hat und der&nbsp; eben aus Italien stammende Jazzgitarrist Gabriele Giorgini. Dazu, aus M\u00fcnchen, der&nbsp; \u201en\u00f6rdlichsten Stadt Italiens\u201c: Bassist Markus Wagner und Schlagzeuger Wolfgang Peyerl.<br \/><br \/>mehr unter <a href=\"https:\/\/www.the-italian-jazz-job.de\" target=\"_blank\" rel=\"noreferrer noopener\">www.the-italian-jazz-job.de<\/a><\/p>\n<\/div><\/div>\n\n\n\n<div style=\"height:100px\" aria-hidden=\"true\" class=\"wp-block-spacer\"><\/div>\n\n\n\n<p class=\"has-medium-font-size\">Referenzen<\/p>\n\n\n\n<p>Jazzclub Unterfahrt (M\u00fcnchen)<br \/>Hotel Bayerischer Hof (M\u00fcnchen)<br \/>Schloss Elmau (Elmau)<br \/>Staatstheater am G\u00e4rtnerplatz (M\u00fcnchen)<br \/>Jazzkeller Frankfurt (Frankfurt)<br \/>Jazzclub Birdland (Neuburg)<br \/>Kemptener Jazzfr\u00fchling (Kempten)<br \/>Jazzstudio N\u00fcrnberg (N\u00fcrnberg)<br \/>KLANGFest M\u00fcnchen (M\u00fcnchen)<br \/>Daimler-Chrysler (IAA 2000)<br \/>Audi Forum (Ingolstadt)<br \/>Stuttgarter Sommerfest (Stuttgart)<br \/>Regensburger Jazzweekend (Regensburg), &#8230;.<\/p>\n\n\n\n<div style=\"height:100px\" aria-hidden=\"true\" class=\"wp-block-spacer\"><\/div>\n\n\n\n<p class=\"has-text-align-left has-medium-font-size\">u.a an folgenden CD-Einspielungen &amp; Filmscores war ich am Bass beteiligt<\/p>\n\n\n\n<p class=\"has-text-align-left\">Album &#8222;The Green Unicorn&#8220; -Jasmin Bayer &amp; Band (Enja) \u2013 2019<br \/>Album &#8222;Blackstar\u00b4s Ascending&#8220; &#8211; Alex Sebastian &#8211; 2018<br \/>Album &#8222;Duologue II&#8220; &#8211; Markus Wagner &amp; Gerhardt Mornhinweg -2016<br \/>Album &#8222;Duologue I&#8220; &#8211; Markus Wagner &amp; Michael Vochezer &#8211; 2015<br \/>Kinofilm &#8222;Bruder vor Luder&#8220; (Constantin Film) \u2013 2015<br \/>Trailer &#8222;Trueblood&#8220; (NBC Universal) \u2013 2013<br \/>Kurzfilm &#8222;Mona\u00b4s B\u00fcrgermeister&#8220; \u2013 2012<br \/>Album &#8222;Lives as they pass you by&#8220; &#8211; Alex Sebastian \u2013 2012<br \/>Album &#8222;Out of Flamenco&#8220; &#8211; Walter Abt &amp; Sol y Sombra \u2013 2012<br \/>Album &#8222;Cinema Paradiso&#8220; &#8211; Walter Abt &amp; Munich Guitars (BR)<\/p>\n","protected":false},"excerpt":{"rendered":"<p>\u00dcber mich Hallo und herzlich Willkommen auf meiner Webseite. Mein Name ist Markus Wagner. Ich wurde 1975 in Leonberg geboren und lebe und arbeite seit 2001 in M\u00fcnchen. Zum Bass kam ich im Alter von 14 Jahren, nachdem ich mich zun\u00e4chst mehrere Jahre redlich an der Trompete abgem\u00fcht hatte. Mein erster Lehrer \u2013 ein Saxophonist<\/p>\n<div><a class=\"btn-filled btn\" href=\"https:\/\/www.markuswagner.net\/?page_id=2145\" title=\"\u00dcber mich\">Weiterlesen<\/a><\/div>\n","protected":false},"author":1,"featured_media":0,"parent":0,"menu_order":0,"comment_status":"closed","ping_status":"closed","template":"page-templates\/full-width.php","meta":{"footnotes":""},"class_list":["post-2145","page","type-page","status-publish","hentry"],"yoast_head":"<!-- This site is optimized with the Yoast SEO plugin v24.1 - https:\/\/yoast.com\/wordpress\/plugins\/seo\/ -->\n<title>\u00dcber mich - Markus Wagner<\/title>\n<meta name=\"description\" content=\"Die Webseite des M\u00fcnchener Bassisten Markus Wagner \u2022 Kontrabass \u2022 E-Bass \u2022 Bassunterricht\" \/>\n<meta name=\"robots\" content=\"index, follow, max-snippet:-1, max-image-preview:large, max-video-preview:-1\" \/>\n<link rel=\"canonical\" href=\"https:\/\/www.markuswagner.net\/?page_id=2145\" \/>\n<meta property=\"og:locale\" content=\"de_DE\" \/>\n<meta property=\"og:type\" content=\"article\" \/>\n<meta property=\"og:title\" content=\"\u00dcber mich - Markus Wagner\" \/>\n<meta property=\"og:description\" content=\"Die Webseite des M\u00fcnchener Bassisten Markus Wagner \u2022 Kontrabass \u2022 E-Bass \u2022 Bassunterricht\" \/>\n<meta property=\"og:url\" content=\"https:\/\/www.markuswagner.net\/?page_id=2145\" \/>\n<meta property=\"og:site_name\" content=\"Markus Wagner\" \/>\n<meta property=\"article:modified_time\" content=\"2023-04-01T08:58:42+00:00\" \/>\n<meta property=\"og:image\" content=\"http:\/\/www.markuswagner.net\/wp-content\/uploads\/2020\/05\/Jasmin-Bayer-Band7.jpg\" \/>\n<meta name=\"twitter:card\" content=\"summary_large_image\" \/>\n<meta name=\"twitter:label1\" content=\"Gesch\u00e4tzte Lesezeit\" \/>\n\t<meta name=\"twitter:data1\" content=\"4\u00a0Minuten\" \/>\n<script type=\"application\/ld+json\" class=\"yoast-schema-graph\">{\"@context\":\"https:\/\/schema.org\",\"@graph\":[{\"@type\":\"WebPage\",\"@id\":\"https:\/\/www.markuswagner.net\/?page_id=2145\",\"url\":\"https:\/\/www.markuswagner.net\/?page_id=2145\",\"name\":\"\u00dcber mich - Markus Wagner\",\"isPartOf\":{\"@id\":\"https:\/\/www.markuswagner.net\/#website\"},\"primaryImageOfPage\":{\"@id\":\"https:\/\/www.markuswagner.net\/?page_id=2145#primaryimage\"},\"image\":{\"@id\":\"https:\/\/www.markuswagner.net\/?page_id=2145#primaryimage\"},\"thumbnailUrl\":\"http:\/\/www.markuswagner.net\/wp-content\/uploads\/2020\/05\/Jasmin-Bayer-Band7.jpg\",\"datePublished\":\"2020-05-01T05:16:32+00:00\",\"dateModified\":\"2023-04-01T08:58:42+00:00\",\"description\":\"Die Webseite des M\u00fcnchener Bassisten Markus Wagner \u2022 Kontrabass \u2022 E-Bass \u2022 Bassunterricht\",\"breadcrumb\":{\"@id\":\"https:\/\/www.markuswagner.net\/?page_id=2145#breadcrumb\"},\"inLanguage\":\"de\",\"potentialAction\":[{\"@type\":\"ReadAction\",\"target\":[\"https:\/\/www.markuswagner.net\/?page_id=2145\"]}]},{\"@type\":\"ImageObject\",\"inLanguage\":\"de\",\"@id\":\"https:\/\/www.markuswagner.net\/?page_id=2145#primaryimage\",\"url\":\"http:\/\/www.markuswagner.net\/wp-content\/uploads\/2020\/05\/Jasmin-Bayer-Band7.jpg\",\"contentUrl\":\"http:\/\/www.markuswagner.net\/wp-content\/uploads\/2020\/05\/Jasmin-Bayer-Band7.jpg\"},{\"@type\":\"BreadcrumbList\",\"@id\":\"https:\/\/www.markuswagner.net\/?page_id=2145#breadcrumb\",\"itemListElement\":[{\"@type\":\"ListItem\",\"position\":1,\"name\":\"Startseite\",\"item\":\"https:\/\/www.markuswagner.net\/\"},{\"@type\":\"ListItem\",\"position\":2,\"name\":\"\u00dcber mich\"}]},{\"@type\":\"WebSite\",\"@id\":\"https:\/\/www.markuswagner.net\/#website\",\"url\":\"https:\/\/www.markuswagner.net\/\",\"name\":\"Markus Wagner\",\"description\":\"Bassist \u2022 Komponist \u2022 Lehrer\",\"publisher\":{\"@id\":\"https:\/\/www.markuswagner.net\/#\/schema\/person\/6a9794c2531921b80394db2da1d4f5f9\"},\"potentialAction\":[{\"@type\":\"SearchAction\",\"target\":{\"@type\":\"EntryPoint\",\"urlTemplate\":\"https:\/\/www.markuswagner.net\/?s={search_term_string}\"},\"query-input\":{\"@type\":\"PropertyValueSpecification\",\"valueRequired\":true,\"valueName\":\"search_term_string\"}}],\"inLanguage\":\"de\"},{\"@type\":[\"Person\",\"Organization\"],\"@id\":\"https:\/\/www.markuswagner.net\/#\/schema\/person\/6a9794c2531921b80394db2da1d4f5f9\",\"name\":\"Markus Wagner\",\"image\":{\"@type\":\"ImageObject\",\"inLanguage\":\"de\",\"@id\":\"https:\/\/www.markuswagner.net\/#\/schema\/person\/image\/\",\"url\":\"https:\/\/i2.wp.com\/www.markuswagner.net\/wp-content\/uploads\/2020\/11\/Markus_Wagner_ICO.jpg?fit=512%2C512\",\"contentUrl\":\"https:\/\/i2.wp.com\/www.markuswagner.net\/wp-content\/uploads\/2020\/11\/Markus_Wagner_ICO.jpg?fit=512%2C512\",\"width\":512,\"height\":512,\"caption\":\"Markus Wagner\"},\"logo\":{\"@id\":\"https:\/\/www.markuswagner.net\/#\/schema\/person\/image\/\"},\"sameAs\":[\"http:\/\/www.markuswagner.net\"]}]}<\/script>\n<!-- \/ Yoast SEO plugin. -->","yoast_head_json":{"title":"\u00dcber mich - Markus Wagner","description":"Die Webseite des M\u00fcnchener Bassisten Markus Wagner \u2022 Kontrabass \u2022 E-Bass \u2022 Bassunterricht","robots":{"index":"index","follow":"follow","max-snippet":"max-snippet:-1","max-image-preview":"max-image-preview:large","max-video-preview":"max-video-preview:-1"},"canonical":"https:\/\/www.markuswagner.net\/?page_id=2145","og_locale":"de_DE","og_type":"article","og_title":"\u00dcber mich - Markus Wagner","og_description":"Die Webseite des M\u00fcnchener Bassisten Markus Wagner \u2022 Kontrabass \u2022 E-Bass \u2022 Bassunterricht","og_url":"https:\/\/www.markuswagner.net\/?page_id=2145","og_site_name":"Markus Wagner","article_modified_time":"2023-04-01T08:58:42+00:00","og_image":[{"url":"http:\/\/www.markuswagner.net\/wp-content\/uploads\/2020\/05\/Jasmin-Bayer-Band7.jpg","type":"","width":"","height":""}],"twitter_card":"summary_large_image","twitter_misc":{"Gesch\u00e4tzte Lesezeit":"4\u00a0Minuten"},"schema":{"@context":"https:\/\/schema.org","@graph":[{"@type":"WebPage","@id":"https:\/\/www.markuswagner.net\/?page_id=2145","url":"https:\/\/www.markuswagner.net\/?page_id=2145","name":"\u00dcber mich - Markus Wagner","isPartOf":{"@id":"https:\/\/www.markuswagner.net\/#website"},"primaryImageOfPage":{"@id":"https:\/\/www.markuswagner.net\/?page_id=2145#primaryimage"},"image":{"@id":"https:\/\/www.markuswagner.net\/?page_id=2145#primaryimage"},"thumbnailUrl":"http:\/\/www.markuswagner.net\/wp-content\/uploads\/2020\/05\/Jasmin-Bayer-Band7.jpg","datePublished":"2020-05-01T05:16:32+00:00","dateModified":"2023-04-01T08:58:42+00:00","description":"Die Webseite des M\u00fcnchener Bassisten Markus Wagner \u2022 Kontrabass \u2022 E-Bass \u2022 Bassunterricht","breadcrumb":{"@id":"https:\/\/www.markuswagner.net\/?page_id=2145#breadcrumb"},"inLanguage":"de","potentialAction":[{"@type":"ReadAction","target":["https:\/\/www.markuswagner.net\/?page_id=2145"]}]},{"@type":"ImageObject","inLanguage":"de","@id":"https:\/\/www.markuswagner.net\/?page_id=2145#primaryimage","url":"http:\/\/www.markuswagner.net\/wp-content\/uploads\/2020\/05\/Jasmin-Bayer-Band7.jpg","contentUrl":"http:\/\/www.markuswagner.net\/wp-content\/uploads\/2020\/05\/Jasmin-Bayer-Band7.jpg"},{"@type":"BreadcrumbList","@id":"https:\/\/www.markuswagner.net\/?page_id=2145#breadcrumb","itemListElement":[{"@type":"ListItem","position":1,"name":"Startseite","item":"https:\/\/www.markuswagner.net\/"},{"@type":"ListItem","position":2,"name":"\u00dcber mich"}]},{"@type":"WebSite","@id":"https:\/\/www.markuswagner.net\/#website","url":"https:\/\/www.markuswagner.net\/","name":"Markus Wagner","description":"Bassist \u2022 Komponist \u2022 Lehrer","publisher":{"@id":"https:\/\/www.markuswagner.net\/#\/schema\/person\/6a9794c2531921b80394db2da1d4f5f9"},"potentialAction":[{"@type":"SearchAction","target":{"@type":"EntryPoint","urlTemplate":"https:\/\/www.markuswagner.net\/?s={search_term_string}"},"query-input":{"@type":"PropertyValueSpecification","valueRequired":true,"valueName":"search_term_string"}}],"inLanguage":"de"},{"@type":["Person","Organization"],"@id":"https:\/\/www.markuswagner.net\/#\/schema\/person\/6a9794c2531921b80394db2da1d4f5f9","name":"Markus Wagner","image":{"@type":"ImageObject","inLanguage":"de","@id":"https:\/\/www.markuswagner.net\/#\/schema\/person\/image\/","url":"https:\/\/i2.wp.com\/www.markuswagner.net\/wp-content\/uploads\/2020\/11\/Markus_Wagner_ICO.jpg?fit=512%2C512","contentUrl":"https:\/\/i2.wp.com\/www.markuswagner.net\/wp-content\/uploads\/2020\/11\/Markus_Wagner_ICO.jpg?fit=512%2C512","width":512,"height":512,"caption":"Markus Wagner"},"logo":{"@id":"https:\/\/www.markuswagner.net\/#\/schema\/person\/image\/"},"sameAs":["http:\/\/www.markuswagner.net"]}]}},"jetpack_shortlink":"https:\/\/wp.me\/P76bUg-yB","jetpack_sharing_enabled":true,"_links":{"self":[{"href":"https:\/\/www.markuswagner.net\/index.php?rest_route=\/wp\/v2\/pages\/2145","targetHints":{"allow":["GET"]}}],"collection":[{"href":"https:\/\/www.markuswagner.net\/index.php?rest_route=\/wp\/v2\/pages"}],"about":[{"href":"https:\/\/www.markuswagner.net\/index.php?rest_route=\/wp\/v2\/types\/page"}],"author":[{"embeddable":true,"href":"https:\/\/www.markuswagner.net\/index.php?rest_route=\/wp\/v2\/users\/1"}],"replies":[{"embeddable":true,"href":"https:\/\/www.markuswagner.net\/index.php?rest_route=%2Fwp%2Fv2%2Fcomments&post=2145"}],"version-history":[{"count":39,"href":"https:\/\/www.markuswagner.net\/index.php?rest_route=\/wp\/v2\/pages\/2145\/revisions"}],"predecessor-version":[{"id":2303,"href":"https:\/\/www.markuswagner.net\/index.php?rest_route=\/wp\/v2\/pages\/2145\/revisions\/2303"}],"wp:attachment":[{"href":"https:\/\/www.markuswagner.net\/index.php?rest_route=%2Fwp%2Fv2%2Fmedia&parent=2145"}],"curies":[{"name":"wp","href":"https:\/\/api.w.org\/{rel}","templated":true}]}}